{"id":3581,"date":"2022-12-20T19:26:29","date_gmt":"2022-12-20T19:26:29","guid":{"rendered":"https:\/\/telegram-signal.com\/sobre-nostros\/"},"modified":"2024-11-18T13:39:25","modified_gmt":"2024-11-18T13:39:25","slug":"about-us","status":"publish","type":"page","link":"https:\/\/telegram-signal.com\/es\/about-us\/","title":{"rendered":"About Us"},"content":{"rendered":"\t\t<div data-elementor-type=\"wp-page\" data-elementor-id=\"3581\" class=\"elementor elementor-3581\">\n\t\t\t\t\t\t\t\t\t<section class=\"elementor-section elementor-top-section elementor-element elementor-element-23aec738 elementor-section-boxed elementor-section-height-default elementor-section-height-default\" data-id=\"23aec738\" data-element_type=\"section\" data-settings=\"{&quot;background_background&quot;:&quot;classic&quot;}\">\n\t\t\t\t\t\t<div class=\"elementor-container elementor-column-gap-default\">\n\t\t\t\t\t<div class=\"elementor-column elementor-col-50 elementor-top-column elementor-element elementor-element-413427a4\" data-id=\"413427a4\" data-element_type=\"column\">\n\t\t\t<div class=\"elementor-widget-wrap elementor-element-populated\">\n\t\t\t\t\t\t\t\t<div class=\"elementor-element elementor-element-1972b013 elementor-widget__width-initial elementor-hidden-tablet elementor-hidden-mobile elementor-widget elementor-widget-heading\" data-id=\"1972b013\" data-element_type=\"widget\" data-widget_type=\"heading.default\">\n\t\t\t\t<div class=\"elementor-widget-container\">\n\t\t\t<style>\/*! elementor - v3.13.3 - 28-05-2023 *\/\n.elementor-heading-title{padding:0;margin:0;line-height:1}.elementor-widget-heading .elementor-heading-title[class*=elementor-size-]>a{color:inherit;font-size:inherit;line-height:inherit}.elementor-widget-heading .elementor-heading-title.elementor-size-small{font-size:15px}.elementor-widget-heading .elementor-heading-title.elementor-size-medium{font-size:19px}.elementor-widget-heading .elementor-heading-title.elementor-size-large{font-size:29px}.elementor-widget-heading .elementor-heading-title.elementor-size-xl{font-size:39px}.elementor-widget-heading .elementor-heading-title.elementor-size-xxl{font-size:59px}<\/style><h2 class=\"elementor-heading-title elementor-size-default\"><span style=\"color: #000\">Se\u00f1ales De Telegram <\/span> es su ruta hacia los mercados financieros<\/h2>\t\t<\/div>\n\t\t\t\t<\/div>\n\t\t\t\t<div class=\"elementor-element elementor-element-4e54607 elementor-widget__width-initial elementor-hidden-desktop elementor-widget elementor-widget-heading\" data-id=\"4e54607\" data-element_type=\"widget\" data-widget_type=\"heading.default\">\n\t\t\t\t<div class=\"elementor-widget-container\">\n\t\t\t<h2 class=\"elementor-heading-title elementor-size-default\"><span style=\"color: #000\">Se\u00f1ales De Telegram <\/span> es su ruta hacia los mercados financieros<\/h2>\t\t<\/div>\n\t\t\t\t<\/div>\n\t\t\t\t<div class=\"elementor-element elementor-element-39ba05b6 elementor-widget elementor-widget-text-editor\" data-id=\"39ba05b6\" data-element_type=\"widget\" data-widget_type=\"text-editor.default\">\n\t\t\t\t<div class=\"elementor-widget-container\">\n\t\t\t<style>\/*! elementor - v3.13.3 - 28-05-2023 *\/\n.elementor-widget-text-editor.elementor-drop-cap-view-stacked .elementor-drop-cap{background-color:#69727d;color:#fff}.elementor-widget-text-editor.elementor-drop-cap-view-framed .elementor-drop-cap{color:#69727d;border:3px solid;background-color:transparent}.elementor-widget-text-editor:not(.elementor-drop-cap-view-default) .elementor-drop-cap{margin-top:8px}.elementor-widget-text-editor:not(.elementor-drop-cap-view-default) .elementor-drop-cap-letter{width:1em;height:1em}.elementor-widget-text-editor .elementor-drop-cap{float:left;text-align:center;line-height:1;font-size:50px}.elementor-widget-text-editor .elementor-drop-cap-letter{display:inline-block}<\/style>\t\t\t\t<p>Buscar mercados financieros podria involucrar horas de ver diferentes noticias y chartas para estar actualizados con los cambios en el mercado financiero. Fortunamente, alguna de las ideas de comerciar son solamente un mensaje de Telegram!<\/p>\t\t\t\t\t\t<\/div>\n\t\t\t\t<\/div>\n\t\t\t\t<div class=\"elementor-element elementor-element-7466478b elementor-widget elementor-widget-text-editor\" data-id=\"7466478b\" data-element_type=\"widget\" data-widget_type=\"text-editor.default\">\n\t\t\t\t<div class=\"elementor-widget-container\">\n\t\t\t\t\t\t\t<p>Armese con la informacion acurata necesaria para un rendimiento positivo en tu comercio en acciones con Se\u00f1ales De Telegram.<\/p>\t\t\t\t\t\t<\/div>\n\t\t\t\t<\/div>\n\t\t\t\t<div class=\"elementor-element elementor-element-46f8c51f elementor-widget elementor-widget-text-editor\" data-id=\"46f8c51f\" data-element_type=\"widget\" data-widget_type=\"text-editor.default\">\n\t\t\t\t<div class=\"elementor-widget-container\">\n\t\t\t\t\t\t\t<p>Recibe res\u00famenes detallados de excelentes configuraciones comerciales al diario y los gr\u00e1ficos correspondientes para ayudar a potenciar su experiencia y orientarla constantemente en la direcci\u00f3n de oportunidades emocionantes a medida que surjan.Lo mejor que todo es que si vincula su plataforma de comerciar, puede ejecutar se\u00f1ales autom\u00e1ticamente a medida que llegan a su Telegram!<\/p>\t\t\t\t\t\t<\/div>\n\t\t\t\t<\/div>\n\t\t\t\t\t<\/div>\n\t\t<\/div>\n\t\t\t\t<div class=\"elementor-column elementor-col-50 elementor-top-column elementor-element elementor-element-6890646c\" data-id=\"6890646c\" data-element_type=\"column\">\n\t\t\t<div class=\"elementor-widget-wrap elementor-element-populated\">\n\t\t\t\t\t\t\t\t<div class=\"elementor-element elementor-element-23436d38 elementor-hidden-tablet elementor-hidden-mobile elementor-widget elementor-widget-image\" data-id=\"23436d38\" data-element_type=\"widget\" data-widget_type=\"image.default\">\n\t\t\t\t<div class=\"elementor-widget-container\">\n\t\t\t<style>\/*! elementor - v3.13.3 - 28-05-2023 *\/\n.elementor-widget-image{text-align:center}.elementor-widget-image a{display:inline-block}.elementor-widget-image a img[src$=\".svg\"]{width:48px}.elementor-widget-image img{vertical-align:middle;display:inline-block}<\/style>\t\t\t\t\t\t\t\t\t\t\t\t<img decoding=\"async\" width=\"800\" height=\"989\" src=\"https:\/\/bcdn.telegram-signal.com\/wp-content\/uploads\/2022\/12\/EN-About-us-828x1024.png\" class=\"attachment-large size-large wp-image-3449\" alt=\"\" srcset=\"https:\/\/bcdn.telegram-signal.com\/wp-content\/uploads\/2022\/12\/EN-About-us-828x1024.png 828w, https:\/\/bcdn.telegram-signal.com\/wp-content\/uploads\/2022\/12\/EN-About-us-243x300.png 243w, https:\/\/bcdn.telegram-signal.com\/wp-content\/uploads\/2022\/12\/EN-About-us-768x950.png 768w, https:\/\/bcdn.telegram-signal.com\/wp-content\/uploads\/2022\/12\/EN-About-us.png 1239w\" sizes=\"(max-width: 800px) 100vw, 800px\" \/>\t\t\t\t\t\t\t\t\t\t\t\t\t\t\t<\/div>\n\t\t\t\t<\/div>\n\t\t\t\t<div class=\"elementor-element elementor-element-91e5f50 elementor-hidden-desktop elementor-widget elementor-widget-image\" data-id=\"91e5f50\" data-element_type=\"widget\" data-widget_type=\"image.default\">\n\t\t\t\t<div class=\"elementor-widget-container\">\n\t\t\t\t\t\t\t\t\t\t\t\t\t\t\t<img decoding=\"async\" width=\"800\" height=\"989\" src=\"https:\/\/bcdn.telegram-signal.com\/wp-content\/uploads\/2022\/12\/EN-About-us-828x1024.png\" class=\"attachment-large size-large wp-image-3449\" alt=\"\" srcset=\"https:\/\/bcdn.telegram-signal.com\/wp-content\/uploads\/2022\/12\/EN-About-us-828x1024.png 828w, https:\/\/bcdn.telegram-signal.com\/wp-content\/uploads\/2022\/12\/EN-About-us-243x300.png 243w, https:\/\/bcdn.telegram-signal.com\/wp-content\/uploads\/2022\/12\/EN-About-us-768x950.png 768w, https:\/\/bcdn.telegram-signal.com\/wp-content\/uploads\/2022\/12\/EN-About-us.png 1239w\" sizes=\"(max-width: 800px) 100vw, 800px\" \/>\t\t\t\t\t\t\t\t\t\t\t\t\t\t\t<\/div>\n\t\t\t\t<\/div>\n\t\t\t\t\t<\/div>\n\t\t<\/div>\n\t\t\t\t\t\t\t<\/div>\n\t\t<\/section>\n\t\t\t\t<section class=\"elementor-section elementor-top-section elementor-element elementor-element-62fe8f6d p-0 elementor-hidden-desktop elementor-hidden-tablet elementor-hidden-mobile elementor-section-boxed elementor-section-height-default elementor-section-height-default\" data-id=\"62fe8f6d\" data-element_type=\"section\" data-settings=\"{&quot;background_background&quot;:&quot;classic&quot;}\">\n\t\t\t\t\t\t<div class=\"elementor-container elementor-column-gap-default\">\n\t\t\t\t\t<div class=\"elementor-column elementor-col-100 elementor-top-column elementor-element elementor-element-5c5fc973\" data-id=\"5c5fc973\" data-element_type=\"column\">\n\t\t\t<div class=\"elementor-widget-wrap elementor-element-populated\">\n\t\t\t\t\t\t\t\t<div class=\"elementor-element elementor-element-6dca08d2 elementor-widget__width-initial elementor-hidden-tablet elementor-hidden-mobile elementor-widget elementor-widget-heading\" data-id=\"6dca08d2\" data-element_type=\"widget\" data-widget_type=\"heading.default\">\n\t\t\t\t<div class=\"elementor-widget-container\">\n\t\t\t<h2 class=\"elementor-heading-title elementor-size-default\">Get familiar with our extraordinary partners!<\/h2>\t\t<\/div>\n\t\t\t\t<\/div>\n\t\t\t\t<div class=\"elementor-element elementor-element-1aec625 elementor-widget__width-initial elementor-hidden-desktop elementor-widget elementor-widget-heading\" data-id=\"1aec625\" data-element_type=\"widget\" data-widget_type=\"heading.default\">\n\t\t\t\t<div class=\"elementor-widget-container\">\n\t\t\t<h2 class=\"elementor-heading-title elementor-size-default\">Get familiar with our extraordinary <span style=\"color: #228A00\">partners!<\/span><\/h2>\t\t<\/div>\n\t\t\t\t<\/div>\n\t\t\t\t<section class=\"elementor-section elementor-inner-section elementor-element elementor-element-1a14967f elementor-section-full_width elementor-section-height-default elementor-section-height-default\" data-id=\"1a14967f\" data-element_type=\"section\" data-settings=\"{&quot;background_background&quot;:&quot;classic&quot;}\">\n\t\t\t\t\t\t<div class=\"elementor-container elementor-column-gap-default\">\n\t\t\t\t\t<div class=\"elementor-column elementor-col-50 elementor-inner-column elementor-element elementor-element-553829a0\" data-id=\"553829a0\" data-element_type=\"column\">\n\t\t\t<div class=\"elementor-widget-wrap elementor-element-populated\">\n\t\t\t\t\t\t\t\t<div class=\"elementor-element elementor-element-119534f5 elementor-hidden-tablet elementor-hidden-mobile elementor-widget elementor-widget-image\" data-id=\"119534f5\" data-element_type=\"widget\" data-widget_type=\"image.default\">\n\t\t\t\t<div class=\"elementor-widget-container\">\n\t\t\t\t\t\t\t\t\t\t\t\t\t\t\t<img decoding=\"async\" width=\"368\" height=\"268\" src=\"https:\/\/bcdn.telegram-signal.com\/wp-content\/uploads\/2022\/08\/visual-1.png\" class=\"attachment-full size-full wp-image-77\" alt=\"WhatsApp Signals\" srcset=\"https:\/\/bcdn.telegram-signal.com\/wp-content\/uploads\/2022\/08\/visual-1.png 368w, https:\/\/bcdn.telegram-signal.com\/wp-content\/uploads\/2022\/08\/visual-1-300x218.png 300w\" sizes=\"(max-width: 368px) 100vw, 368px\" \/>\t\t\t\t\t\t\t\t\t\t\t\t\t\t\t<\/div>\n\t\t\t\t<\/div>\n\t\t\t\t<div class=\"elementor-element elementor-element-1bdc1b1 elementor-hidden-desktop elementor-widget elementor-widget-image\" data-id=\"1bdc1b1\" data-element_type=\"widget\" data-widget_type=\"image.default\">\n\t\t\t\t<div class=\"elementor-widget-container\">\n\t\t\t\t\t\t\t\t\t\t\t\t\t\t\t<img decoding=\"async\" width=\"258\" height=\"249\" src=\"https:\/\/bcdn.telegram-signal.com\/wp-content\/uploads\/2022\/08\/visual-mobile.png\" class=\"attachment-full size-full wp-image-357\" alt=\"WhatsApp Signals\" \/>\t\t\t\t\t\t\t\t\t\t\t\t\t\t\t<\/div>\n\t\t\t\t<\/div>\n\t\t\t\t\t<\/div>\n\t\t<\/div>\n\t\t\t\t<div class=\"elementor-column elementor-col-50 elementor-inner-column elementor-element elementor-element-4b0c484b\" data-id=\"4b0c484b\" data-element_type=\"column\">\n\t\t\t<div class=\"elementor-widget-wrap elementor-element-populated\">\n\t\t\t\t\t\t\t\t<div class=\"elementor-element elementor-element-411c1b6b elementor-widget elementor-widget-image\" data-id=\"411c1b6b\" data-element_type=\"widget\" data-widget_type=\"image.default\">\n\t\t\t\t<div class=\"elementor-widget-container\">\n\t\t\t\t\t\t\t\t\t\t\t\t\t\t\t<img decoding=\"async\" width=\"325\" height=\"59\" src=\"https:\/\/bcdn.telegram-signal.com\/wp-content\/uploads\/2022\/08\/Logo_Vector_White_MAIN-1.png\" class=\"attachment-large size-large wp-image-78\" alt=\"WhatsApp Signals\" srcset=\"https:\/\/bcdn.telegram-signal.com\/wp-content\/uploads\/2022\/08\/Logo_Vector_White_MAIN-1.png 325w, https:\/\/bcdn.telegram-signal.com\/wp-content\/uploads\/2022\/08\/Logo_Vector_White_MAIN-1-300x54.png 300w\" sizes=\"(max-width: 325px) 100vw, 325px\" \/>\t\t\t\t\t\t\t\t\t\t\t\t\t\t\t<\/div>\n\t\t\t\t<\/div>\n\t\t\t\t<div class=\"elementor-element elementor-element-afdf4e8 elementor-widget elementor-widget-text-editor\" data-id=\"afdf4e8\" data-element_type=\"widget\" data-widget_type=\"text-editor.default\">\n\t\t\t\t<div class=\"elementor-widget-container\">\n\t\t\t\t\t\t\t<p>A fully licensed broker and regulated by the FSA, Seychelles. Axia Investments provides appropriate education and advanced trading platforms, with unlimited promotions and exciting competitions.<\/p>\n<p>Axia Investments seeks to provide the ultimate trading experience with safety, a superior educational framework, robust tech, outstanding support and a remarkable experience for traders around the world.<\/p>\n\t\t\t\t\t\t<\/div>\n\t\t\t\t<\/div>\n\t\t\t\t<div class=\"elementor-element elementor-element-480edb74 elementor-tablet-align-center elementor-widget elementor-widget-button\" data-id=\"480edb74\" data-element_type=\"widget\" data-widget_type=\"button.default\">\n\t\t\t\t<div class=\"elementor-widget-container\">\n\t\t\t\t\t<div class=\"elementor-button-wrapper\">\n\t\t\t<a href=\"#\" class=\"elementor-button-link elementor-button elementor-size-sm\" role=\"button\">\n\t\t\t\t\t\t<span class=\"elementor-button-content-wrapper\">\n\t\t\t\t\t\t<span class=\"elementor-button-text\">Know more<\/span>\n\t\t<\/span>\n\t\t\t\t\t<\/a>\n\t\t<\/div>\n\t\t\t\t<\/div>\n\t\t\t\t<\/div>\n\t\t\t\t\t<\/div>\n\t\t<\/div>\n\t\t\t\t\t\t\t<\/div>\n\t\t<\/section>\n\t\t\t\t<section class=\"elementor-section elementor-inner-section elementor-element elementor-element-118c4f09 elementor-section-full_width elementor-section-height-default elementor-section-height-default\" data-id=\"118c4f09\" data-element_type=\"section\" data-settings=\"{&quot;background_background&quot;:&quot;classic&quot;}\">\n\t\t\t\t\t\t<div class=\"elementor-container elementor-column-gap-default\">\n\t\t\t\t\t<div class=\"elementor-column elementor-col-50 elementor-inner-column elementor-element elementor-element-bc56033\" data-id=\"bc56033\" data-element_type=\"column\">\n\t\t\t<div class=\"elementor-widget-wrap elementor-element-populated\">\n\t\t\t\t\t\t\t\t<div class=\"elementor-element elementor-element-745c1c6a elementor-hidden-tablet elementor-hidden-mobile elementor-widget elementor-widget-image\" data-id=\"745c1c6a\" data-element_type=\"widget\" data-widget_type=\"image.default\">\n\t\t\t\t<div class=\"elementor-widget-container\">\n\t\t\t\t\t\t\t\t\t\t\t\t\t\t\t<img decoding=\"async\" width=\"389\" height=\"352\" src=\"https:\/\/bcdn.telegram-signal.com\/wp-content\/uploads\/2022\/08\/traders-academy-man-1.png\" class=\"attachment-full size-full wp-image-79\" alt=\"WhatsApp Signals\" srcset=\"https:\/\/bcdn.telegram-signal.com\/wp-content\/uploads\/2022\/08\/traders-academy-man-1.png 389w, https:\/\/bcdn.telegram-signal.com\/wp-content\/uploads\/2022\/08\/traders-academy-man-1-300x271.png 300w\" sizes=\"(max-width: 389px) 100vw, 389px\" \/>\t\t\t\t\t\t\t\t\t\t\t\t\t\t\t<\/div>\n\t\t\t\t<\/div>\n\t\t\t\t<div class=\"elementor-element elementor-element-0fa11ec elementor-hidden-desktop elementor-widget elementor-widget-image\" data-id=\"0fa11ec\" data-element_type=\"widget\" data-widget_type=\"image.default\">\n\t\t\t\t<div class=\"elementor-widget-container\">\n\t\t\t\t\t\t\t\t\t\t\t\t\t\t\t<img decoding=\"async\" width=\"214\" height=\"211\" src=\"https:\/\/bcdn.telegram-signal.com\/wp-content\/uploads\/2022\/08\/traders-academy-man-mobile-1.png\" class=\"attachment-full size-full wp-image-373\" alt=\"WhatsApp Signals\" \/>\t\t\t\t\t\t\t\t\t\t\t\t\t\t\t<\/div>\n\t\t\t\t<\/div>\n\t\t\t\t\t<\/div>\n\t\t<\/div>\n\t\t\t\t<div class=\"elementor-column elementor-col-50 elementor-inner-column elementor-element elementor-element-814465a\" data-id=\"814465a\" data-element_type=\"column\">\n\t\t\t<div class=\"elementor-widget-wrap elementor-element-populated\">\n\t\t\t\t\t\t\t\t<div class=\"elementor-element elementor-element-7f626f52 elementor-widget elementor-widget-image\" data-id=\"7f626f52\" data-element_type=\"widget\" data-widget_type=\"image.default\">\n\t\t\t\t<div class=\"elementor-widget-container\">\n\t\t\t\t\t\t\t\t\t\t\t\t\t\t\t<img decoding=\"async\" width=\"238\" height=\"50\" src=\"https:\/\/bcdn.telegram-signal.com\/wp-content\/uploads\/2022\/08\/logo-1-1.png\" class=\"attachment-large size-large wp-image-80\" alt=\"WhatsApp Signals\" \/>\t\t\t\t\t\t\t\t\t\t\t\t\t\t\t<\/div>\n\t\t\t\t<\/div>\n\t\t\t\t<div class=\"elementor-element elementor-element-632df86a elementor-widget elementor-widget-text-editor\" data-id=\"632df86a\" data-element_type=\"widget\" data-widget_type=\"text-editor.default\">\n\t\t\t\t<div class=\"elementor-widget-container\">\n\t\t\t\t\t\t\t<p>A fully licensed broker and regulated by the FSA, Seychelles. Axia Investments provides appropriate education and advanced trading platforms, with unlimited promotions and exciting competitions.<\/p>\n<p>Axia Investments seeks to provide the ultimate trading experience with safety, a superior educational framework, robust tech, outstanding support and a remarkable experience for traders around the world.<\/p>\n\t\t\t\t\t\t<\/div>\n\t\t\t\t<\/div>\n\t\t\t\t<div class=\"elementor-element elementor-element-6a27a4c5 elementor-tablet-align-center elementor-widget elementor-widget-button\" data-id=\"6a27a4c5\" data-element_type=\"widget\" data-widget_type=\"button.default\">\n\t\t\t\t<div class=\"elementor-widget-container\">\n\t\t\t\t\t<div class=\"elementor-button-wrapper\">\n\t\t\t<a href=\"#\" class=\"elementor-button-link elementor-button elementor-size-sm\" role=\"button\">\n\t\t\t\t\t\t<span class=\"elementor-button-content-wrapper\">\n\t\t\t\t\t\t<span class=\"elementor-button-text\">Know more<\/span>\n\t\t<\/span>\n\t\t\t\t\t<\/a>\n\t\t<\/div>\n\t\t\t\t<\/div>\n\t\t\t\t<\/div>\n\t\t\t\t\t<\/div>\n\t\t<\/div>\n\t\t\t\t\t\t\t<\/div>\n\t\t<\/section>\n\t\t\t\t\t<\/div>\n\t\t<\/div>\n\t\t\t\t\t\t\t<\/div>\n\t\t<\/section>\n\t\t\t\t\t\t\t<\/div>\n\t\t","protected":false},"excerpt":{"rendered":"<p>Se\u00f1ales De Telegram es su ruta hacia los mercados financieros Se\u00f1ales De Telegram es su ruta hacia los mercados financieros Buscar mercados financieros podria involucrar horas de ver diferentes noticias y chartas para estar actualizados con los cambios en el mercado financiero. Fortunamente, alguna de las ideas de comerciar son solamente un mensaje de Telegram! [&hellip;]<\/p>\n","protected":false},"author":2,"featured_media":0,"parent":0,"menu_order":0,"comment_status":"closed","ping_status":"closed","template":"elementor_header_footer","meta":{"inline_featured_image":false,"footnotes":""},"class_list":["post-3581","page","type-page","status-publish","hentry"],"acf":[],"aioseo_notices":[],"_links":{"self":[{"href":"https:\/\/telegram-signal.com\/es\/wp-json\/wp\/v2\/pages\/3581","targetHints":{"allow":["GET"]}}],"collection":[{"href":"https:\/\/telegram-signal.com\/es\/wp-json\/wp\/v2\/pages"}],"about":[{"href":"https:\/\/telegram-signal.com\/es\/wp-json\/wp\/v2\/types\/page"}],"author":[{"embeddable":true,"href":"https:\/\/telegram-signal.com\/es\/wp-json\/wp\/v2\/users\/2"}],"replies":[{"embeddable":true,"href":"https:\/\/telegram-signal.com\/es\/wp-json\/wp\/v2\/comments?post=3581"}],"version-history":[{"count":0,"href":"https:\/\/telegram-signal.com\/es\/wp-json\/wp\/v2\/pages\/3581\/revisions"}],"wp:attachment":[{"href":"https:\/\/telegram-signal.com\/es\/wp-json\/wp\/v2\/media?parent=3581"}],"curies":[{"name":"wp","href":"https:\/\/api.w.org\/{rel}","templated":true}]}}